{"id":9,"date":"2023-02-27T08:44:11","date_gmt":"2023-02-27T14:44:11","guid":{"rendered":"https:\/\/jorgesanchez.myddns.me\/?page_id=9"},"modified":"2023-02-27T12:32:06","modified_gmt":"2023-02-27T18:32:06","slug":"sobre-mi","status":"publish","type":"page","link":"https:\/\/jorgesanchez.duckdns.org\/?page_id=9","title":{"rendered":"Sobre mi"},"content":{"rendered":"\n<p>De origen Oaxaque\u00f1o, soy un simple aficionado de la m\u00fasica, la tecnolog\u00eda, las computadoras, si \ud83d\ude2c\u2026 soy un poco Nerd.<\/p>\n\n\n\n<p>\u00a1Gracias por tu visita!  \ud83d\ude4f<\/p>\n\n\n<div class=\"wp-block-image\">\n<figure class=\"aligncenter size-large\"><img loading=\"lazy\" decoding=\"async\" width=\"879\" height=\"1024\" src=\"https:\/\/jorgesanchez.duckdns.org\/wp-content\/uploads\/2023\/02\/foto1-879x1024.jpg\" alt=\"\" class=\"wp-image-44\" srcset=\"https:\/\/jorgesanchez.duckdns.org\/wp-content\/uploads\/2023\/02\/foto1-879x1024.jpg 879w, https:\/\/jorgesanchez.duckdns.org\/wp-content\/uploads\/2023\/02\/foto1-258x300.jpg 258w, https:\/\/jorgesanchez.duckdns.org\/wp-content\/uploads\/2023\/02\/foto1-768x895.jpg 768w, https:\/\/jorgesanchez.duckdns.org\/wp-content\/uploads\/2023\/02\/foto1-1024x1193.jpg 1024w, https:\/\/jorgesanchez.duckdns.org\/wp-content\/uploads\/2023\/02\/foto1.jpg 1080w\" sizes=\"auto, (max-width: 879px) 100vw, 879px\" \/><figcaption class=\"wp-element-caption\">Jorge S\u00e1nchez<\/figcaption><\/figure>\n<\/div>","protected":false},"excerpt":{"rendered":"<p>De origen Oaxaque\u00f1o, soy un simple aficionado de la m\u00fasica, la tecnolog\u00eda, las computadoras, si&#8230;<\/p>\n","protected":false},"author":1,"featured_media":0,"parent":0,"menu_order":5,"comment_status":"closed","ping_status":"closed","template":"templates\/fullwidth.php","meta":{"footnotes":""},"class_list":["post-9","page","type-page","status-publish","hentry"],"_links":{"self":[{"href":"https:\/\/jorgesanchez.duckdns.org\/index.php?rest_route=\/wp\/v2\/pages\/9","targetHints":{"allow":["GET"]}}],"collection":[{"href":"https:\/\/jorgesanchez.duckdns.org\/index.php?rest_route=\/wp\/v2\/pages"}],"about":[{"href":"https:\/\/jorgesanchez.duckdns.org\/index.php?rest_route=\/wp\/v2\/types\/page"}],"author":[{"embeddable":true,"href":"https:\/\/jorgesanchez.duckdns.org\/index.php?rest_route=\/wp\/v2\/users\/1"}],"replies":[{"embeddable":true,"href":"https:\/\/jorgesanchez.duckdns.org\/index.php?rest_route=%2Fwp%2Fv2%2Fcomments&post=9"}],"version-history":[{"count":2,"href":"https:\/\/jorgesanchez.duckdns.org\/index.php?rest_route=\/wp\/v2\/pages\/9\/revisions"}],"predecessor-version":[{"id":45,"href":"https:\/\/jorgesanchez.duckdns.org\/index.php?rest_route=\/wp\/v2\/pages\/9\/revisions\/45"}],"wp:attachment":[{"href":"https:\/\/jorgesanchez.duckdns.org\/index.php?rest_route=%2Fwp%2Fv2%2Fmedia&parent=9"}],"curies":[{"name":"wp","href":"https:\/\/api.w.org\/{rel}","templated":true}]}}