{"id":50,"date":"2023-03-11T08:51:43","date_gmt":"2023-03-11T14:51:43","guid":{"rendered":"https:\/\/jorgesanchez.myddns.me\/?page_id=50"},"modified":"2023-03-11T10:16:02","modified_gmt":"2023-03-11T16:16:02","slug":"tecnologia","status":"publish","type":"page","link":"https:\/\/jorgesanchez.duckdns.org\/?page_id=50","title":{"rendered":"Tecnolog\u00eda"},"content":{"rendered":"<div class=\"pt-cv-wrapper\"><div class=\"pt-cv-view pt-cv-grid pt-cv-colsys\" id=\"pt-cv-view-08c5c84wm4\"><div data-id=\"pt-cv-page-1\" class=\"pt-cv-page\" data-cvc=\"3\"><div class=\"col-md-4 col-sm-4 col-xs-12 pt-cv-content-item pt-cv-1-col\" ><div class='pt-cv-ifield'><a href=\"https:\/\/jorgesanchez.duckdns.org\/?p=138\" class=\"_self pt-cv-href-thumbnail pt-cv-thumb-default\" target=\"_self\" ><\/a>\n<h4 class=\"pt-cv-title\"><a href=\"https:\/\/jorgesanchez.duckdns.org\/?p=138\" class=\"_self\" target=\"_self\" >Telmex aumento la velocidad de internet sin costo adicional<\/a><\/h4>\n<div class=\"pt-cv-content\">\n<p>El mes de mayo pasado Telmex notifico mediante SMS, Email y su sitio Web el aumento de velocidad de internet sin costo adicional para los que tenemos contratado un servicio con ellos de internet o linea telef\u00f3nica.<\/p>\n\n\n\n<p>Los incrementos quedaron asi para los siguiente paquetes Infinitum:<\/p>\n\n\n<div class=\"wp-block-image\">\n<figure class=\"aligncenter size-full\"><a href=\"https:\/\/jorgesanchez.duckdns.org\/wp-content\/uploads\/2023\/06\/11.jpeg\"><img loading=\"lazy\" decoding=\"async\" width=\"951\" height=\"583\" src=\"https:\/\/jorgesanchez.duckdns.org\/wp-content\/uploads\/2023\/06\/11.jpeg\" alt=\"\" class=\"wp-image-139\" srcset=\"https:\/\/jorgesanchez.duckdns.org\/wp-content\/uploads\/2023\/06\/11.jpeg 951w, https:\/\/jorgesanchez.duckdns.org\/wp-content\/uploads\/2023\/06\/11-300x184.jpeg 300w, https:\/\/jorgesanchez.duckdns.org\/wp-content\/uploads\/2023\/06\/11-768x471.jpeg 768w\" sizes=\"auto, (max-width: 951px) 100vw, 951px\" \/><\/a><\/figure>\n<\/div>\n\n\n<p>Esto nos beneficia como clientes, y genera mayor calidad en el servicio sobre la competencia y demanda de nosotros como consumidores, con la cual podemos experimentar mayor transferencia de datos, por poner un ejemplo, el paquete de 200 Megas subi\u00f3 a 300 y es lo mismo para bajada que de subida \ud83d\ude31 (solo para este paquete) por lo que si eres un generador de contenido o renderizas video en Cloud seguramente mejorara en tiempo la transferencia de informaci\u00f3n.<\/p>\n\n\n\n<p>Validando la velocidad del servicio mas b\u00e1sico corremos una test y podemos confirmar el incremento:<\/p>\n\n\n\n<figure class=\"wp-block-image size-full\"><a href=\"https:\/\/jorgesanchez.duckdns.org\/wp-content\/uploads\/2023\/06\/12.jpg\"><img loading=\"lazy\" decoding=\"async\" width=\"816\" height=\"294\" src=\"https:\/\/jorgesanchez.duckdns.org\/wp-content\/uploads\/2023\/06\/12.jpg\" alt=\"\" class=\"wp-image-140\" srcset=\"https:\/\/jorgesanchez.duckdns.org\/wp-content\/uploads\/2023\/06\/12.jpg 816w, https:\/\/jorgesanchez.duckdns.org\/wp-content\/uploads\/2023\/06\/12-300x108.jpg 300w, https:\/\/jorgesanchez.duckdns.org\/wp-content\/uploads\/2023\/06\/12-768x277.jpg 768w\" sizes=\"auto, (max-width: 816px) 100vw, 816px\" \/><\/a><\/figure>\n\n\n\n<p>En resumen este incremento es algo positivo para generar mayor calidad en los servicios donde los beneficiarios seamos nosotros como consumidores.<\/p>\n<\/div><\/div><\/div>\n<div class=\"col-md-4 col-sm-4 col-xs-12 pt-cv-content-item pt-cv-1-col\" ><div class='pt-cv-ifield'><a href=\"https:\/\/jorgesanchez.duckdns.org\/?p=130\" class=\"_self pt-cv-href-thumbnail pt-cv-thumb-default\" target=\"_self\" ><\/a>\n<h4 class=\"pt-cv-title\"><a href=\"https:\/\/jorgesanchez.duckdns.org\/?p=130\" class=\"_self\" target=\"_self\" >CFE-TEIT Telecomunicaciones e internet para todos<\/a><\/h4>\n<div class=\"pt-cv-content\"><div class=\"wp-block-image\">\n<figure class=\"aligncenter size-full\"><img loading=\"lazy\" decoding=\"async\" width=\"570\" height=\"124\" src=\"https:\/\/jorgesanchez.duckdns.org\/wp-content\/uploads\/2023\/05\/10.png\" alt=\"\" class=\"wp-image-126\" srcset=\"https:\/\/jorgesanchez.duckdns.org\/wp-content\/uploads\/2023\/05\/10.png 570w, https:\/\/jorgesanchez.duckdns.org\/wp-content\/uploads\/2023\/05\/10-300x65.png 300w\" sizes=\"auto, (max-width: 570px) 100vw, 570px\" \/><\/figure>\n<\/div>\n\n\n<p>CFE-TEIT es el servicio de Internet que ofrece el gobierno Mexicano, es un OMV (operador m\u00f3vil virtual) similar a otros operadores m\u00f3viles como Telcel, Bait, Movistar, AT&amp;T, etc., el cual usa la red ALTAN (una empresa privada que se formo en M\u00e9xico hace a\u00f1os con participaci\u00f3n para-estatal) para darnos este servicio de red m\u00f3vil.<\/p>\n\n\n\n<p class=\"has-text-align-center\"><a href=\"https:\/\/cfeteit.mx\">https:\/\/cfeteit.mx<\/a><\/p>\n\n\n\n<p>Caracter\u00edsticas que ofrece:<\/p>\n\n\n\n<ul class=\"wp-block-list\">\n<li>Telefon\u00eda M\u00f3vil. &#8211; Red de Banda Ancha m\u00f3vil con: Tecnolog\u00eda 4.5G, Cobertura Nacional y Sin Planes Forzosos.<\/li>\n\n\n\n<li>Tarjetas SIM sin costo<\/li>\n\n\n\n<li>Paquetes. &#8211; por d\u00edas, mensuales, semestrales y anuales similares a otros operadores en cuanto a precios.<\/li>\n\n\n\n<li>Portabilidad. &#8211; seguir conservando mi numero telef\u00f3nico ahora con este operador.<\/li>\n\n\n\n<li>Compatibilidad. &#8211; podemos consultar en base al IMEI del equipo tel\u00e9fonico si es compatible o no, esto para checar que las bandas de nuestro telef\u00f3no sean compatibles con la red de ALTAN, en el mismo sitio podemos consultarlo. https:\/\/cfeteit.mx\/#portabilidad<\/li>\n\n\n\n<li>Cobertura. &#8211; muestra un mapa con los sitios en operaci\u00f3n y en contruccion que estar\u00e1n disponibles para llevar la comunicaci\u00f3n a cada rincon del pa\u00eds. Por ejemplo: actualmente esta en construcci\u00f3n la antena mas cercana a mi pueblo, pero ya es un avance significativo.<\/li>\n\n\n\n<li>Puntos de Venta.- quiz\u00e1 de momento siguen siendo muy pocos a nivel nacional para la obtenci\u00f3n de un SIM en oficinas TELECOM pero para recargas de saldo inluso podemos realizarlo desde su mismo sitio con cargo a tarjeta de debito o cr\u00e9dito.<\/li>\n<\/ul>\n\n\n<div class=\"wp-block-image\">\n<figure class=\"aligncenter size-full\"><img loading=\"lazy\" decoding=\"async\" width=\"388\" height=\"233\" src=\"https:\/\/jorgesanchez.duckdns.org\/wp-content\/uploads\/2023\/05\/10a.jpg\" alt=\"\" class=\"wp-image-127\" srcset=\"https:\/\/jorgesanchez.duckdns.org\/wp-content\/uploads\/2023\/05\/10a.jpg 388w, https:\/\/jorgesanchez.duckdns.org\/wp-content\/uploads\/2023\/05\/10a-300x180.jpg 300w\" sizes=\"auto, (max-width: 388px) 100vw, 388px\" \/><\/figure>\n<\/div>\n\n\n<p class=\"has-text-align-left\">ALTAN hace Romming con Telcel, lo que significa que si estamos en un lugar donde no hay cobertura ALTAN por ley este otro operador debe dar Romming para que podamos hacer llamadas y datos.<\/p>\n\n\n\n<p>Es y ser\u00e1 en el futuro cercano otra opci\u00f3n de los OMV en el mercado para generar mayor competencia y como consecuencia mejorar la calidad de los servicios de comunicaci\u00f3n donde los beneficiados seamos todos, as\u00ed como eliminar monopolios.<\/p>\n\n\n<div class=\"wp-block-image\">\n<figure class=\"aligncenter size-full\"><a href=\"https:\/\/jorgesanchez.duckdns.org\/wp-content\/uploads\/2023\/05\/10c.jpg\"><img loading=\"lazy\" decoding=\"async\" width=\"740\" height=\"359\" src=\"https:\/\/jorgesanchez.duckdns.org\/wp-content\/uploads\/2023\/05\/10c.jpg\" alt=\"\" class=\"wp-image-128\" srcset=\"https:\/\/jorgesanchez.duckdns.org\/wp-content\/uploads\/2023\/05\/10c.jpg 740w, https:\/\/jorgesanchez.duckdns.org\/wp-content\/uploads\/2023\/05\/10c-300x146.jpg 300w\" sizes=\"auto, (max-width: 740px) 100vw, 740px\" \/><\/a><\/figure>\n<\/div>\n\n<div class=\"wp-block-image\">\n<figure class=\"aligncenter size-full\"><a href=\"https:\/\/jorgesanchez.duckdns.org\/wp-content\/uploads\/2023\/05\/10b.jpg\"><img loading=\"lazy\" decoding=\"async\" width=\"740\" height=\"475\" src=\"https:\/\/jorgesanchez.duckdns.org\/wp-content\/uploads\/2023\/05\/10b.jpg\" alt=\"\" class=\"wp-image-129\" srcset=\"https:\/\/jorgesanchez.duckdns.org\/wp-content\/uploads\/2023\/05\/10b.jpg 740w, https:\/\/jorgesanchez.duckdns.org\/wp-content\/uploads\/2023\/05\/10b-300x193.jpg 300w\" sizes=\"auto, (max-width: 740px) 100vw, 740px\" \/><\/a><\/figure>\n<\/div><\/div><\/div><\/div>\n<div class=\"col-md-4 col-sm-4 col-xs-12 pt-cv-content-item pt-cv-1-col\" ><div class='pt-cv-ifield'><a href=\"https:\/\/jorgesanchez.duckdns.org\/?p=115\" class=\"_self pt-cv-href-thumbnail pt-cv-thumb-default\" target=\"_self\" ><\/a>\n<h4 class=\"pt-cv-title\"><a href=\"https:\/\/jorgesanchez.duckdns.org\/?p=115\" class=\"_self\" target=\"_self\" >Como ver la velocidad de nuestro Internet<\/a><\/h4>\n<div class=\"pt-cv-content\">\n<p>Es bueno conocer la velocidad de nuestro Internet, para poder comparar y validar el servicio\/plan que nos ofrecen las diferentes compa\u00f1\u00edas y m\u00e1s a\u00fan, comprobar de alguna manera lo que pagamos a los diferentes proveedores de Internet que usamos en M\u00e9xico (Izzi, Telmex, Totalplay, Megacable, AT&amp;T, Movistar, Axtel, Blue Telecomm, Dish, etc.).<\/p>\n\n\n\n<p>En este enlace podemos ir a un medidor de velocidad(app Android y sitio Web) que servir\u00e1 como referencia para conocer los Mbps (megabits por segundo) de descarga, que es cuando descargamos de Internet, y los Mbps de subida, que es cuando subimos contenido a Internet.<\/p>\n\n\n\n<p><a href=\"https:\/\/www.speedtest.net\/\" target=\"_blank\" rel=\"noreferrer noopener\">https:\/\/www.sp<\/a><a href=\"https:\/\/www.speedtest.net\/\">eedtest.net\/<\/a><\/p>\n\n\n\n<p><a href=\"https:\/\/www.speedtest.net\/apps\/android\" target=\"_blank\" rel=\"noreferrer noopener\">https:\/\/www.speedtest.net\/apps\/android<\/a><\/p>\n\n\n<div class=\"wp-block-image\">\n<figure class=\"aligncenter size-large\"><a href=\"https:\/\/jorgesanchez.duckdns.org\/wp-content\/uploads\/2023\/04\/9a.png\"><img loading=\"lazy\" decoding=\"async\" width=\"1024\" height=\"444\" src=\"https:\/\/jorgesanchez.duckdns.org\/wp-content\/uploads\/2023\/04\/9a-1024x444.png\" alt=\"\" class=\"wp-image-116\" srcset=\"https:\/\/jorgesanchez.duckdns.org\/wp-content\/uploads\/2023\/04\/9a-1024x444.png 1024w, https:\/\/jorgesanchez.duckdns.org\/wp-content\/uploads\/2023\/04\/9a-300x130.png 300w, https:\/\/jorgesanchez.duckdns.org\/wp-content\/uploads\/2023\/04\/9a-768x333.png 768w, https:\/\/jorgesanchez.duckdns.org\/wp-content\/uploads\/2023\/04\/9a.png 1076w\" sizes=\"auto, (max-width: 1024px) 100vw, 1024px\" \/><\/a><\/figure>\n<\/div>\n\n\n<p>Una buena velocidad de descarga es de al menos 20 Mbps y de subida es de al menos 3 Mbps, para la mayor\u00eda de las personas que utilizamos Internet de manera cotidiana, como yo, simple mortales je je.<\/p>\n\n\n\n<p>Los paquetes de Internet generalmente son nombrados en t\u00e9rminos de velocidad de descarga; por ejemplo, un plan con 20 Mbps de descarga y 3 Mbps de carga lo encontrar\u00edas como &#8220;Internet de 20 Megas&#8221;.<\/p>\n\n\n\n<p>Esta imagen muestra aprox. los Mbps necesarios por tipo de actividad:<\/p>\n\n\n<div class=\"wp-block-image\">\n<figure class=\"aligncenter size-full\"><a href=\"https:\/\/jorgesanchez.duckdns.org\/wp-content\/uploads\/2023\/04\/9b.png\"><img loading=\"lazy\" decoding=\"async\" width=\"695\" height=\"648\" src=\"https:\/\/jorgesanchez.duckdns.org\/wp-content\/uploads\/2023\/04\/9b.png\" alt=\"\" class=\"wp-image-117\" srcset=\"https:\/\/jorgesanchez.duckdns.org\/wp-content\/uploads\/2023\/04\/9b.png 695w, https:\/\/jorgesanchez.duckdns.org\/wp-content\/uploads\/2023\/04\/9b-300x280.png 300w\" sizes=\"auto, (max-width: 695px) 100vw, 695px\" \/><\/a><\/figure>\n<\/div>\n\n\n<p>Fuentes:<\/p>\n\n\n\n<p><a href=\"https:\/\/www.whistleout.com.mx\/CellPhones\/Guides\/servicios-de-internet\">https:\/\/www.whistleout.com.mx\/CellPhones\/Guides\/servicios-de-internet<\/a><\/p>\n<\/div><\/div><\/div>\n<div class=\"col-md-4 col-sm-4 col-xs-12 pt-cv-content-item pt-cv-1-col\" ><div class='pt-cv-ifield'><a href=\"https:\/\/jorgesanchez.duckdns.org\/?p=89\" class=\"_self pt-cv-href-thumbnail pt-cv-thumb-default\" target=\"_self\" ><\/a>\n<h4 class=\"pt-cv-title\"><a href=\"https:\/\/jorgesanchez.duckdns.org\/?p=89\" class=\"_self\" target=\"_self\" >Cambiar la Zona Horaria correcta (UTC-6 o GMT-6) de M\u00e9xico en un Tel\u00e9fono Android<\/a><\/h4>\n<div class=\"pt-cv-content\">\n<p>UTC (Tiempo Universal Coordinado) y GMT (Tiempo del meridiano de Greenwich) son sin\u00f3nimos, es el principal est\u00e1ndar de tiempo por el cual el mundo regula los relojes y el tiempo.<\/p>\n\n\n\n<p>\u00bfCu\u00e1l es el problema? Debido a la desaparici\u00f3n del horario de verano en M\u00e9xico a partir de este a\u00f1o 2023, ese que ven\u00edamos aplicando desde 1996 donde se adelantaba una hora nuestro reloj la 1era semana de abril y terminaba el \u00faltimo domingo de octubre, algunos dispositivos de m\u00faltiples fabricantes (Motorola, Samsung, Huawei, Xiaomi, ZTE, etc.), como el m\u00edo \u2639\ufe0f tuvo el mismo efecto de adelantar el horario el d\u00eda de ayer domingo 02 de abril de 2023. \ud83d\ude22<\/p>\n\n\n\n<p>El problema es que la zona horaria para la Ciudad de M\u00e9xico, que comprende todo lo azul en el grafico nos la pone como UTC-5 o GMT-5 en tel\u00e9fonos no tan actuales, lo cual es incorrecto, eso aplicaba cuando en a\u00f1os anteriores exist\u00eda el &#8220;horario de verano&#8221;, pero como ya no existe, la zona horaria correcta es UTC-6 o GMT-6 para la zona centro del pa\u00eds.<\/p>\n\n\n<div class=\"wp-block-image\">\n<figure class=\"aligncenter size-large\"><a href=\"https:\/\/jorgesanchez.duckdns.org\/wp-content\/uploads\/2023\/04\/timezones_Mexico.png\"><img loading=\"lazy\" decoding=\"async\" width=\"1024\" height=\"906\" src=\"https:\/\/jorgesanchez.duckdns.org\/wp-content\/uploads\/2023\/04\/timezones_Mexico-1024x906.png\" alt=\"\" class=\"wp-image-90\" srcset=\"https:\/\/jorgesanchez.duckdns.org\/wp-content\/uploads\/2023\/04\/timezones_Mexico-1024x906.png 1024w, https:\/\/jorgesanchez.duckdns.org\/wp-content\/uploads\/2023\/04\/timezones_Mexico-300x265.png 300w, https:\/\/jorgesanchez.duckdns.org\/wp-content\/uploads\/2023\/04\/timezones_Mexico-768x679.png 768w, https:\/\/jorgesanchez.duckdns.org\/wp-content\/uploads\/2023\/04\/timezones_Mexico.png 1065w\" sizes=\"auto, (max-width: 1024px) 100vw, 1024px\" \/><\/a><\/figure>\n<\/div>\n\n\n<p>El detalle es que en algunos dispositivos no nos permite actualizar las zonas horarias a las m\u00e1s actuales de alguna manera, por lo que tenemos la opci\u00f3n de definir manualmente la zona horaria de nuestro tel\u00e9fono Android a UTC-6 aunque no precisamente diga ciudad de M\u00e9xico:<\/p>\n\n\n\n<p>En un tel\u00e9fono Android ir a Configuraci\u00f3n -&gt; Sistema -&gt; Fecha y Hora<\/p>\n\n\n\n<p>Deshabilitar &#8220;Zona autom\u00e1tica&#8221; para que podamos cambiar la zona horaria correcta GMT-6 y dejarla con esa configuraci\u00f3n, as\u00ed no tendremos ning\u00fan problema con la hora oficial.<\/p>\n\n\n\n<figure class=\"wp-block-gallery has-nested-images columns-default is-cropped wp-block-gallery-1 is-layout-flex wp-block-gallery-is-layout-flex\">\n<figure class=\"wp-block-image size-medium\"><a href=\"https:\/\/jorgesanchez.duckdns.org\/wp-content\/uploads\/2023\/04\/7a.png\"><img loading=\"lazy\" decoding=\"async\" width=\"150\" height=\"300\" data-id=\"92\" src=\"https:\/\/jorgesanchez.duckdns.org\/wp-content\/uploads\/2023\/04\/7a-150x300.png\" alt=\"\" class=\"wp-image-92\" srcset=\"https:\/\/jorgesanchez.duckdns.org\/wp-content\/uploads\/2023\/04\/7a-150x300.png 150w, https:\/\/jorgesanchez.duckdns.org\/wp-content\/uploads\/2023\/04\/7a-512x1024.png 512w, https:\/\/jorgesanchez.duckdns.org\/wp-content\/uploads\/2023\/04\/7a.png 720w\" sizes=\"auto, (max-width: 150px) 100vw, 150px\" \/><\/a><\/figure>\n\n\n\n<figure class=\"wp-block-image size-medium\"><a href=\"https:\/\/jorgesanchez.duckdns.org\/wp-content\/uploads\/2023\/04\/7b.png\"><img loading=\"lazy\" decoding=\"async\" width=\"150\" height=\"300\" data-id=\"93\" src=\"https:\/\/jorgesanchez.duckdns.org\/wp-content\/uploads\/2023\/04\/7b-150x300.png\" alt=\"\" class=\"wp-image-93\" srcset=\"https:\/\/jorgesanchez.duckdns.org\/wp-content\/uploads\/2023\/04\/7b-150x300.png 150w, https:\/\/jorgesanchez.duckdns.org\/wp-content\/uploads\/2023\/04\/7b-512x1024.png 512w, https:\/\/jorgesanchez.duckdns.org\/wp-content\/uploads\/2023\/04\/7b.png 720w\" sizes=\"auto, (max-width: 150px) 100vw, 150px\" \/><\/a><\/figure>\n<\/figure>\n\n\n\n<p>Y listo, tendremos la hora oficial de la zona centro del pa\u00eds.<\/p>\n\n\n\n<p>El Centro Nacional de Metrolog\u00eda (CENAM) es el laboratorio nacional de referencia en materia de mediciones. Es el encargado de la hora oficial en el pa\u00eds, por lo que en su comunicado sobre la hora y la confusi\u00f3n que causo en diferentes dispositivos electr\u00f3nicos, \u0093es &#8220;responsabilidad el fabricante programar las actualizaciones necesarias en el software\u0094&#8221;.<\/p>\n\n\n<div class=\"wp-block-image\">\n<figure class=\"aligncenter size-large\"><a href=\"https:\/\/jorgesanchez.duckdns.org\/wp-content\/uploads\/2023\/04\/7c.jpg\"><img loading=\"lazy\" decoding=\"async\" width=\"1024\" height=\"692\" src=\"https:\/\/jorgesanchez.duckdns.org\/wp-content\/uploads\/2023\/04\/7c-1024x692.jpg\" alt=\"\" class=\"wp-image-94\" srcset=\"https:\/\/jorgesanchez.duckdns.org\/wp-content\/uploads\/2023\/04\/7c-1024x692.jpg 1024w, https:\/\/jorgesanchez.duckdns.org\/wp-content\/uploads\/2023\/04\/7c-300x203.jpg 300w, https:\/\/jorgesanchez.duckdns.org\/wp-content\/uploads\/2023\/04\/7c-768x519.jpg 768w, https:\/\/jorgesanchez.duckdns.org\/wp-content\/uploads\/2023\/04\/7c.jpg 1189w\" sizes=\"auto, (max-width: 1024px) 100vw, 1024px\" \/><\/a><figcaption class=\"wp-element-caption\">CENAM<\/figcaption><\/figure>\n<\/div>\n\n\n<p>Mi conclusi\u00f3n es que los fabricantes, es decir, la marca que me vendi\u00f3 el celular dudo mucho que me haga una actualizaci\u00f3n de las zonas horarias en mi celular a menos que vayamos a un distribuidor autorizado para este proceso o peor a\u00fan, que por este &#8220;detalle&#8221; me quieran obligar a venderme un celular m\u00e1s actualizado con el pretexto de que este problema ya est\u00e1 corregido en versiones m\u00e1s actuales, por lo que sugiero no dejarse enga\u00f1ar \ud83d\ude05 je je.<\/p>\n\n\n\n<p>Fuente: <a href=\"https:\/\/www.cenam.mx\/hora_oficial\/Default.aspx\" target=\"_blank\" rel=\"noreferrer noopener\">https:\/\/www.cenam.mx\/hora_oficial\/Default.aspx<\/a><\/p>\n\n\n\n<p>Hay otras opciones como la de descargar una aplicaci\u00f3n que nos actualice las zonas horarias a nuestro tel\u00e9fono, como podr\u00eda ser \u0093&#8221;Timezone Updater&#8221;\u0094 pero requiere que demos permisos de ejecuci\u00f3n como s\u00faper usuario en el tel\u00e9fono, por lo que se tendr\u00eda que hacer con mucho cuidado y bajo su propia responsabilidad, por lo que aqu\u00ed no lo mostrar\u00e9.<\/p>\n<\/div><\/div><\/div>\n<div class=\"col-md-4 col-sm-4 col-xs-12 pt-cv-content-item pt-cv-1-col\" ><div class='pt-cv-ifield'><a href=\"https:\/\/jorgesanchez.duckdns.org\/?p=60\" class=\"_self pt-cv-href-thumbnail pt-cv-thumb-default\" target=\"_self\" ><\/a>\n<h4 class=\"pt-cv-title\"><a href=\"https:\/\/jorgesanchez.duckdns.org\/?p=60\" class=\"_self\" target=\"_self\" >OpenAI &#8211; Chatgpt<\/a><\/h4>\n<div class=\"pt-cv-content\">\n<figure class=\"wp-block-gallery has-nested-images columns-2 is-cropped wp-block-gallery-2 is-layout-flex wp-block-gallery-is-layout-flex\">\n<figure class=\"wp-block-image size-medium is-style-default\"><a href=\"https:\/\/jorgesanchez.duckdns.org\/wp-content\/uploads\/2023\/03\/6a.jpg\"><img loading=\"lazy\" decoding=\"async\" width=\"300\" height=\"169\" data-id=\"55\" src=\"https:\/\/jorgesanchez.duckdns.org\/wp-content\/uploads\/2023\/03\/6a-300x169.jpg\" alt=\"\" class=\"wp-image-55\" srcset=\"https:\/\/jorgesanchez.duckdns.org\/wp-content\/uploads\/2023\/03\/6a-300x169.jpg 300w, https:\/\/jorgesanchez.duckdns.org\/wp-content\/uploads\/2023\/03\/6a-1024x576.jpg 1024w, https:\/\/jorgesanchez.duckdns.org\/wp-content\/uploads\/2023\/03\/6a-768x432.jpg 768w, https:\/\/jorgesanchez.duckdns.org\/wp-content\/uploads\/2023\/03\/6a.jpg 1200w\" sizes=\"auto, (max-width: 300px) 100vw, 300px\" \/><\/a><figcaption class=\"wp-element-caption\">ChatGPT<\/figcaption><\/figure>\n\n\n\n<figure class=\"wp-block-image size-medium is-style-default\"><a href=\"https:\/\/jorgesanchez.duckdns.org\/wp-content\/uploads\/2023\/03\/6b.png\"><img loading=\"lazy\" decoding=\"async\" width=\"287\" height=\"300\" data-id=\"56\" src=\"https:\/\/jorgesanchez.duckdns.org\/wp-content\/uploads\/2023\/03\/6b-287x300.png\" alt=\"\" class=\"wp-image-56\" srcset=\"https:\/\/jorgesanchez.duckdns.org\/wp-content\/uploads\/2023\/03\/6b-287x300.png 287w, https:\/\/jorgesanchez.duckdns.org\/wp-content\/uploads\/2023\/03\/6b.png 431w\" sizes=\"auto, (max-width: 287px) 100vw, 287px\" \/><\/a><figcaption class=\"wp-element-caption\">ChatBot<\/figcaption><\/figure>\n<\/figure>\n\n\n\n<p>Un ChatBot es un programa o pieza de software que responde autom\u00e1ticamente a los mensajes enviados a trav\u00e9s de un chatbox en un sitio web, correo, app de mensajer\u00eda de red social, o texto.<\/p>\n\n\n\n<p>Chatgpt es un ChatBot que nos permite charlar, tener conversaciones con este Bot d\u00e1ndonos cierta retroalimentaci\u00f3n, para aprender o para interactuar con una m\u00e1quina, sin tener que configurar nada, ni siquiera el idioma, simplemente le escribimos en espa\u00f1ol y nos contestara en espa\u00f1ol.<\/p>\n\n\n\n<p>Tiene la habilidad de seguir el hilo de una conversaci\u00f3n, aunque a veces se pierde je je, no es perfecto, comete errores, pero se puede utilizar para resolver problemas simples, tareas del d\u00eda a d\u00eda en cualquier \u00e1mbito, profesi\u00f3n, para contenido educativo, did\u00e1ctico, etc.<\/p>\n\n\n\n<p>Creo que de momento no pasar\u00eda el &#8220;test de Turing&#8221; el cual es un examen sobre la capacidad de una m\u00e1quina para exhibir un comportamiento inteligente similar al de un ser humano o indistinguible de este.<br \/>Recomiendo ver la pel\u00edcula de ficci\u00f3n &#8220;Ex machina&#8221; que trata sobre este tema del test de Turing y prueba de alguna manera que pasar\u00eda si este test es exitoso, si fu\u00e9ramos enga\u00f1ados al interactuar con una m\u00e1quina y no nos di\u00e9ramos cuenta que es un software, sino un humano.<\/p>\n\n\n\n<div class=\"wp-block-group\"><div class=\"wp-block-group__inner-container is-layout-constrained wp-block-group-is-layout-constrained\">\n<figure class=\"wp-block-gallery has-nested-images columns-default is-cropped wp-block-gallery-3 is-layout-flex wp-block-gallery-is-layout-flex\">\n<figure class=\"wp-block-image size-full\"><a href=\"https:\/\/jorgesanchez.duckdns.org\/wp-content\/uploads\/2023\/03\/6e.png\"><img loading=\"lazy\" decoding=\"async\" width=\"220\" height=\"282\" data-id=\"59\" src=\"https:\/\/jorgesanchez.duckdns.org\/wp-content\/uploads\/2023\/03\/6e.png\" alt=\"\" class=\"wp-image-59\"\/><\/a><figcaption class=\"wp-element-caption\">Test de Turing<\/figcaption><\/figure>\n\n\n\n<figure class=\"wp-block-image size-medium\"><a href=\"https:\/\/jorgesanchez.duckdns.org\/wp-content\/uploads\/2023\/03\/6d.jpg\"><img loading=\"lazy\" decoding=\"async\" width=\"201\" height=\"300\" data-id=\"58\" src=\"https:\/\/jorgesanchez.duckdns.org\/wp-content\/uploads\/2023\/03\/6d-201x300.jpg\" alt=\"\" class=\"wp-image-58\" srcset=\"https:\/\/jorgesanchez.duckdns.org\/wp-content\/uploads\/2023\/03\/6d-201x300.jpg 201w, https:\/\/jorgesanchez.duckdns.org\/wp-content\/uploads\/2023\/03\/6d.jpg 652w\" sizes=\"auto, (max-width: 201px) 100vw, 201px\" \/><\/a><figcaption class=\"wp-element-caption\">Ex_Machina<\/figcaption><\/figure>\n<\/figure>\n<\/div><\/div>\n\n\n\n<p>Con el auge de la IA (inteligencia artificial) este software se est\u00e1 volviendo s\u00faper popular, espero que no se vuelva la nueva Wikipedia, para hacer las tareas sin tener que esforzarnos por aprender, ya que obligar\u00e1 a todo el mundo a tener m\u00e1s habilidades para detectar esto, adem\u00e1s, tenemos que tener cuidado al usarlo, porque puede darnos respuestas incorrectas que, si desconocemos, las tomaremos como v\u00e1lidas, mientras tanto, mantendr\u00e9 conversaciones extensas con este Bot \ud83d\ude05ja ja que loco.<\/p>\n\n\n\n<p>Varios amigos me han recomendaron empezar a utilizarlo, por lo que voy a usarlo, de momento no reemplazara a la raza humana ni nos dejara desempleados, pero sin duda es incre\u00edble y es &#8230; el futuro!\ud83d\ude32<\/p>\n\n\n<div class=\"wp-block-image\">\n<figure class=\"aligncenter size-full\"><img loading=\"lazy\" decoding=\"async\" width=\"976\" height=\"549\" src=\"https:\/\/jorgesanchez.duckdns.org\/wp-content\/uploads\/2023\/03\/6c.jpg\" alt=\"\" class=\"wp-image-57\" srcset=\"https:\/\/jorgesanchez.duckdns.org\/wp-content\/uploads\/2023\/03\/6c.jpg 976w, https:\/\/jorgesanchez.duckdns.org\/wp-content\/uploads\/2023\/03\/6c-300x169.jpg 300w, https:\/\/jorgesanchez.duckdns.org\/wp-content\/uploads\/2023\/03\/6c-768x432.jpg 768w\" sizes=\"auto, (max-width: 976px) 100vw, 976px\" \/><figcaption class=\"wp-element-caption\">Inteligencia Artificial<\/figcaption><\/figure>\n<\/div><\/div><\/div><\/div><\/div><\/div><\/div>\n","protected":false},"excerpt":{"rendered":"","protected":false},"author":1,"featured_media":0,"parent":0,"menu_order":0,"comment_status":"closed","ping_status":"closed","template":"templates\/fullwidth.php","meta":{"footnotes":""},"class_list":["post-50","page","type-page","status-publish","hentry"],"_links":{"self":[{"href":"https:\/\/jorgesanchez.duckdns.org\/index.php?rest_route=\/wp\/v2\/pages\/50","targetHints":{"allow":["GET"]}}],"collection":[{"href":"https:\/\/jorgesanchez.duckdns.org\/index.php?rest_route=\/wp\/v2\/pages"}],"about":[{"href":"https:\/\/jorgesanchez.duckdns.org\/index.php?rest_route=\/wp\/v2\/types\/page"}],"author":[{"embeddable":true,"href":"https:\/\/jorgesanchez.duckdns.org\/index.php?rest_route=\/wp\/v2\/users\/1"}],"replies":[{"embeddable":true,"href":"https:\/\/jorgesanchez.duckdns.org\/index.php?rest_route=%2Fwp%2Fv2%2Fcomments&post=50"}],"version-history":[{"count":2,"href":"https:\/\/jorgesanchez.duckdns.org\/index.php?rest_route=\/wp\/v2\/pages\/50\/revisions"}],"predecessor-version":[{"id":53,"href":"https:\/\/jorgesanchez.duckdns.org\/index.php?rest_route=\/wp\/v2\/pages\/50\/revisions\/53"}],"wp:attachment":[{"href":"https:\/\/jorgesanchez.duckdns.org\/index.php?rest_route=%2Fwp%2Fv2%2Fmedia&parent=50"}],"curies":[{"name":"wp","href":"https:\/\/api.w.org\/{rel}","templated":true}]}}